{"id":3,"date":"2020-09-15T07:02:21","date_gmt":"2020-09-15T07:02:21","guid":{"rendered":"https:\/\/www.prevozi-klemencic.si\/?page_id=3"},"modified":"2026-03-16T22:09:51","modified_gmt":"2026-03-16T21:09:51","slug":"piskotki","status":"publish","type":"page","link":"https:\/\/www.prevozi-klemencic.si\/en\/piskotki\/","title":{"rendered":"O pi\u0161kotkih"},"content":{"rendered":"<div data-elementor-type=\"wp-page\" data-elementor-id=\"3\" class=\"elementor elementor-3\" data-elementor-post-type=\"page\">\n\t\t\t\t\t\t<section class=\"elementor-section elementor-top-section elementor-element elementor-element-252dd78d elementor-section-boxed elementor-section-height-default elementor-section-height-default\" data-id=\"252dd78d\" data-element_type=\"section\">\n\t\t\t\t\t\t<div class=\"elementor-container elementor-column-gap-default\">\n\t\t\t\t\t<div class=\"elementor-column elementor-col-100 elementor-top-column elementor-element elementor-element-6fb5db64\" data-id=\"6fb5db64\" data-element_type=\"column\">\n\t\t\t<div class=\"elementor-widget-wrap elementor-element-populated\">\n\t\t\t\t\t\t<div class=\"elementor-element elementor-element-693d5c69 elementor-widget elementor-widget-text-editor\" data-id=\"693d5c69\" data-element_type=\"widget\" data-widget_type=\"text-editor.default\">\n\t\t\t\t<div class=\"elementor-widget-container\">\n\t\t\t\t\t\t\t\t\t<style>.wp-block-kadence-advancedheading.kt-adv-heading_6056dc-a1, .wp-block-kadence-advancedheading.kt-adv-heading_6056dc-a1[data-kb-block=\"kb-adv-heading_6056dc-a1\"]{font-style:normal;}.wp-block-kadence-advancedheading.kt-adv-heading_6056dc-a1 mark.kt-highlight, .wp-block-kadence-advancedheading.kt-adv-heading_6056dc-a1[data-kb-block=\"kb-adv-heading_6056dc-a1\"] mark.kt-highlight{font-style:normal;color:#f76a0c;-webkit-box-decoration-break:clone;box-decoration-break:clone;padding-top:0px;padding-right:0px;padding-bottom:0px;padding-left:0px;}.wp-block-kadence-advancedheading.kt-adv-heading_6056dc-a1 img.kb-inline-image, .wp-block-kadence-advancedheading.kt-adv-heading_6056dc-a1[data-kb-block=\"kb-adv-heading_6056dc-a1\"] img.kb-inline-image{width:150px;vertical-align:baseline;}<\/style>\n<h2 id=\"kt-adv-heading_6056dc-a1\" class=\"kt-adv-heading_6056dc-a1 wp-block-kadence-advancedheading\">Pravna podlaga<\/h2>\n\n<p>Podlaga za sporo\u010dilo je spremenjeni Zakon o elektronskih komunikacijah (Uradni list \u0161t. 109\/2012; v nadaljevanju ZEKom-1), ki je za\u010del veljati v za\u010detku leta 2013, je prinesel nova pravila glede uporabe pi\u0161kotkov in podobnih tehnologij za shranjevanje informacij ali dostop do informacij, shranjenih na ra\u010dunalniku ali mobilni napravi uporabnika. Kaj so pi\u0161kotki?<\/p>\n\n<p>Pi\u0161kotki so majhne datoteke, ki jih ve\u010dina spletnih mest uporablja za prepoznavanje naprav. So temeljnega pomena za delovanje spletnih strani, najve\u010dkrat z namenom, da je uporabnikova izku\u0161nja bolj\u0161a in tako spletna stran uporabniku prijaznej\u0161a. Interakcija med uporabnikom in spletno stranjo je s pomo\u010djo pi\u0161kotkov hitrej\u0161a in enostavnej\u0161a, samo brskanje po spletnih straneh pa s tem bolj u\u010dinkovito in prijetno.<\/p>\n\n<p>Shranjevanje pi\u0161kotkov na ra\u010dunalnik uporabnika je pod popolnim nadzorom brskalnika, ki ga uporabnik uporablja. Ta lahko shranjevanje pi\u0161kotkov po \u017eelji omeji ali onemogo\u010di. Pi\u0161kotke uporablja ve\u010dina spletnih strani. Razlogov za uporabo pi\u0161kotkov je ve\u010d, med njimi pomagajo pri izvajanju spletnih storitev (spletne trgovine), pomagajo pri zbiranju statisti\u010dnih podatkov o navadah uporabnika, ter pomagajo pri prilagoditvah posamezne spletne strani. Podjetja lahko s pomo\u010djo pi\u0161kotkov ocenijo u\u010dinkovitost svojih spletnih strani, kot tudi ustreznost informacij, ki jih ponujajo svojim uporabnikom.<\/p>\n\n<p>Pi\u0161kotki, ki jih uporabljamo na tej strani sledijo smernicam:<\/p>\n\n<ul class=\"wp-block-list\">\n<li><a href=\"https:\/\/www.ip-rs.si\/fileadmin\/user_upload\/Pdf\/smernice\/Smernice_o_uporabi_piskotkov.pdf\" target=\"_blank\" rel=\"noopener\">Informacijske poobla\u0161\u010denke RS<\/a><\/li>\n<li>Mednarodne gospodarske zbornice<\/li>\n<\/ul>\n\n<p>Poznamo ve\u010d vrst pi\u0161kotkov:<\/p>\n\n<ol class=\"wp-block-list\">\n<li><strong>Nujno potrebni pi\u0161kotki<\/strong><\/li>\n<\/ol>\n\n<p>Tovrstni pi\u0161kotki omogo\u010dajo uporabo nujno potrebnih komponent za pravilno delovanje spletne strani. Brez teh pi\u0161kotov servisi, ki jih \u017eelite uporabljati na tej spletni strani, ne bi delovali pravilno (npr. prijava, nakupni proces, varnosti\u2026).<\/p>\n\n<p><strong>Na na\u0161ih spletnih straneh uporabljamo naslednje pi\u0161kotke:<\/strong><\/p>\n\n<table style=\"width: 702px; height: 242px;\" border=\"1\" cellspacing=\"0\" cellpadding=\"5\">\n<tbody>\n<tr>\n<td style=\"width: 203px;\"><strong>Ime pi\u0161kotka<\/strong><\/td>\n<td style=\"width: 330px;\"><strong>Namen<\/strong><\/td>\n<td style=\"width: 131px;\"><strong>Trajanje pi\u0161kotka<\/strong><\/td>\n<\/tr>\n<tr>\n<td style=\"width: 203px;\">jfcookie(lang), language, currency<\/td>\n<td style=\"width: 330px;\">sejni pi\u0161kotek \u2013 nujen za pravilno delovanje spletnega mesta, sistem ve\u010djezi\u010dnosti strani<\/td>\n<td style=\"width: 131px;\">trajanje seje<\/td>\n<\/tr>\n<tr>\n<td style=\"width: 203px;\">bb2_screener_<\/td>\n<td style=\"width: 330px;\">sejni pi\u0161kotek \u2013 nujen za pravilno delovanje in za varovanje spletnega mesta<\/td>\n<td style=\"width: 131px;\">trajanje seje<\/td>\n<\/tr>\n<tr>\n<td style=\"width: 203px;\">jpanesliders_panel-sliders<br \/>jpanesliders_permissions-sliderscom_content<\/td>\n<td style=\"width: 330px;\">sejni pi\u0161kotek \u2013 nujen za pravilno delovanje spletnega mesta,<br \/>nujen za slideshow animacijo<\/td>\n<td style=\"width: 131px;\">trajanje seje<\/td>\n<\/tr>\n<tr>\n<td style=\"width: 203px;\">56f8694aaced7521aacf7085bc0afef0<br \/>efd736f89ac5a51c03165f17a9de37ce<\/td>\n<td style=\"width: 330px;\">sejni pi\u0161kotek \u2013 nujen za pravilno delovanje spletnega mesta<\/td>\n<td style=\"width: 131px;\">trajanje seje<\/td>\n<\/tr>\n<\/tbody>\n<\/table>\n\n<p><strong>2. Izkustveni pi\u0161kotki<\/strong><\/p>\n\n<p>Tovrstni pi\u0161kotki zbirajo podatke, kako se uporabniki vedejo na spletni strani z namenom izbolj\u0161anja izkustvene komponente spletne strani (npr. katere dele spletne strani obiskujejo najpogosteje\u2026). Ti pi\u0161kotki ne zbirajo informacij, preko katerih bi lahko identificirali uporabnika.<\/p>\n\n<p><strong>3. Funkcionalni pi\u0161kotki<\/strong><\/p>\n\n<p>Tovrstni pi\u0161kotki omogo\u010dajo spletni strani, da si zapomni nekatere va\u0161e nastavitve in izbire (uporabni\u0161ko ime, jezik, regijo\u2026) in zagotavlja napredne, personalizirane funkcije. Tovrstni pi\u0161kotki lahko omogo\u010dajo sledenje va\u0161im akcijam na spletni strani.<\/p>\n\n<p><br \/><strong>4. Oglasni ali ciljani pi\u0161kotki<\/strong><\/p>\n\n<p>Tovrstne pi\u0161kotke najpogosteje uporabljajo ogla\u0161evalska in dru\u017eabna omre\u017eja (tretje strani) z namenom, da vam prika\u017eejo bolj ciljane oglase, omejujejo ponavljanje oglasov ali merijo u\u010dinkovitost ogla\u0161evalskih akcij. Tovrstni pi\u0161kotki lahko omogo\u010dajo sledenje va\u0161im akcijam na spletu.<\/p>\n\n<p><br \/><strong>Nadzor pi\u0161kotkov<\/strong><\/p>\n\n<p>Za uporabo pi\u0161kotkov se odlo\u010date sami. Pi\u0161kotke lahko vedno odstranite in s tem odstranite va\u0161o prepoznavnost na spletu. Prav tako ve\u010dino brsklalnikov nastavite tako, da pi\u0161kotkov ne sprejemajo. Za informacije o zmo\u017enostih posameznih brskjalnikov predlagamo, da si ogledate nastavitve.<\/p>\n\n<p><strong>Upravljalec spletne strani in pi\u0161kotkov<br \/><\/strong><br \/>KLEMEN\u010cI\u010c, avtobusni in kombi prevozi, d.o.o<br \/>Kidri\u010deva cesta 50,<br \/>4220 \u0160kofja Loka<br \/>SLOVENIJA<\/p>\n\n<p>\u00a0<\/p>\n\n<p>\u00a0<\/p>\n\t\t\t\t\t\t\t\t<\/div>\n\t\t\t\t<\/div>\n\t\t\t\t\t<\/div>\n\t\t<\/div>\n\t\t\t\t\t<\/div>\n\t\t<\/section>\n\t\t\t\t<\/div>","protected":false},"excerpt":{"rendered":"<p>Pravna podlaga Podlaga za sporo\u010dilo je spremenjeni Zakon o elektronskih komunikacijah (Uradni list \u0161t. 109\/2012; v nadaljevanju ZEKom-1), ki je za\u010del veljati v za\u010detku leta 2013,<span class=\"excerpt-hellip\"> [\u2026]<\/span><\/p>","protected":false},"author":1,"featured_media":0,"parent":0,"menu_order":0,"comment_status":"closed","ping_status":"open","template":"","meta":{"_kadence_starter_templates_imported_post":false,"footnotes":""},"class_list":["post-3","page","type-page","status-publish","hentry"],"_links":{"self":[{"href":"https:\/\/www.prevozi-klemencic.si\/en\/wp-json\/wp\/v2\/pages\/3","targetHints":{"allow":["GET"]}}],"collection":[{"href":"https:\/\/www.prevozi-klemencic.si\/en\/wp-json\/wp\/v2\/pages"}],"about":[{"href":"https:\/\/www.prevozi-klemencic.si\/en\/wp-json\/wp\/v2\/types\/page"}],"author":[{"embeddable":true,"href":"https:\/\/www.prevozi-klemencic.si\/en\/wp-json\/wp\/v2\/users\/1"}],"replies":[{"embeddable":true,"href":"https:\/\/www.prevozi-klemencic.si\/en\/wp-json\/wp\/v2\/comments?post=3"}],"version-history":[{"count":8,"href":"https:\/\/www.prevozi-klemencic.si\/en\/wp-json\/wp\/v2\/pages\/3\/revisions"}],"predecessor-version":[{"id":654,"href":"https:\/\/www.prevozi-klemencic.si\/en\/wp-json\/wp\/v2\/pages\/3\/revisions\/654"}],"wp:attachment":[{"href":"https:\/\/www.prevozi-klemencic.si\/en\/wp-json\/wp\/v2\/media?parent=3"}],"curies":[{"name":"wp","href":"https:\/\/api.w.org\/{rel}","templated":true}]}}